{"id":9,"date":"2018-03-07T07:47:53","date_gmt":"2018-03-07T07:47:53","guid":{"rendered":"http:\/\/www.ycvysokemyto.cz\/?page_id=9"},"modified":"2021-03-09T19:54:04","modified_gmt":"2021-03-09T19:54:04","slug":"kontakt","status":"publish","type":"page","link":"https:\/\/www.ycvysokemyto.cz\/index.php\/kontakt\/","title":{"rendered":"Kontakt"},"content":{"rendered":"<p>Yacht Club Vysok\u00e9 M\u00fdto z.s.<br \/>\nRegistra\u010dn\u00ed \u010d\u00edslo: 1902<\/p>\n<p>\u00dastupky \u010d. ev. 55<br \/>\nSe\u010d<br \/>\n538 07<\/p>\n<p>Ing. Martin Dr\u00e1bek<br \/>\nTel.: +420 734 514 347<br \/>\nE-mail: martin.drabek@email.cz<br \/>\nI\u010c: 61238767<\/p>\n<p>Spr\u00e1va webu: Tom\u00e1\u0161 Karl\u00edk, karlik.to@seznam.cz<\/p>\n<p>Dal\u0161\u00ed kontakty naleznete na str\u00e1nk\u00e1ch \u010cesk\u00e9ho svazu jachtingu\u00a0<a href=\"https:\/\/www.sailing.cz\/\">zde.<\/a><\/p>\n<p><img decoding=\"async\" loading=\"lazy\" class=\"alignnone size-medium\" src=\"https:\/\/www.sailing.cz\/layout\/logo-dark.png\" width=\"400\" height=\"71\" \/><\/p>\n","protected":false},"excerpt":{"rendered":"<p>Yacht Club Vysok\u00e9 M\u00fdto z.s. Registra\u010dn\u00ed \u010d\u00edslo: 1902 \u00dastupky \u010d. ev. 55 Se\u010d 538 07 Ing. Martin Dr\u00e1bek Tel.: +420 734 514 347 E-mail: martin.drabek@email.cz I\u010c: 61238767 Spr\u00e1va webu: Tom\u00e1\u0161 Karl\u00edk, karlik.to@seznam.cz Dal\u0161\u00ed kontakty naleznete na str\u00e1nk\u00e1ch \u010cesk\u00e9ho svazu jachtingu\u00a0zde.<\/p>\n","protected":false},"author":1,"featured_media":66,"parent":0,"menu_order":0,"comment_status":"closed","ping_status":"closed","template":"","meta":[],"_links":{"self":[{"href":"https:\/\/www.ycvysokemyto.cz\/index.php\/wp-json\/wp\/v2\/pages\/9"}],"collection":[{"href":"https:\/\/www.ycvysokemyto.cz\/index.php\/wp-json\/wp\/v2\/pages"}],"about":[{"href":"https:\/\/www.ycvysokemyto.cz\/index.php\/wp-json\/wp\/v2\/types\/page"}],"author":[{"embeddable":true,"href":"https:\/\/www.ycvysokemyto.cz\/index.php\/wp-json\/wp\/v2\/users\/1"}],"replies":[{"embeddable":true,"href":"https:\/\/www.ycvysokemyto.cz\/index.php\/wp-json\/wp\/v2\/comments?post=9"}],"version-history":[{"count":8,"href":"https:\/\/www.ycvysokemyto.cz\/index.php\/wp-json\/wp\/v2\/pages\/9\/revisions"}],"predecessor-version":[{"id":624,"href":"https:\/\/www.ycvysokemyto.cz\/index.php\/wp-json\/wp\/v2\/pages\/9\/revisions\/624"}],"wp:featuredmedia":[{"embeddable":true,"href":"https:\/\/www.ycvysokemyto.cz\/index.php\/wp-json\/wp\/v2\/media\/66"}],"wp:attachment":[{"href":"https:\/\/www.ycvysokemyto.cz\/index.php\/wp-json\/wp\/v2\/media?parent=9"}],"curies":[{"name":"wp","href":"https:\/\/api.w.org\/{rel}","templated":true}]}}